{"id":2670,"date":"2024-03-22T15:05:16","date_gmt":"2024-03-22T15:05:16","guid":{"rendered":"https:\/\/sports.bourgognefranchecomte.fr\/?page_id=2670"},"modified":"2025-10-09T11:17:42","modified_gmt":"2025-10-09T09:17:42","slug":"accessibilite","status":"publish","type":"page","link":"https:\/\/sports.bourgognefranchecomte.fr\/index.php\/accessibilite\/","title":{"rendered":"Accessibilit\u00e9"},"content":{"rendered":"<p>[et_pb_section fb_built=\u00a0\u00bb1&Prime; _builder_version=\u00a0\u00bb4.24.2&Prime; _module_preset=\u00a0\u00bbdefault\u00a0\u00bb global_colors_info=\u00a0\u00bb{}\u00a0\u00bb][et_pb_row _builder_version=\u00a0\u00bb4.24.2&Prime; _module_preset=\u00a0\u00bbdefault\u00a0\u00bb global_colors_info=\u00a0\u00bb{}\u00a0\u00bb][et_pb_column type=\u00a0\u00bb4_4&Prime; _builder_version=\u00a0\u00bb4.24.2&Prime; _module_preset=\u00a0\u00bbdefault\u00a0\u00bb global_colors_info=\u00a0\u00bb{}\u00a0\u00bb][et_pb_heading title=\u00a0\u00bbAccessibilit\u00e9\u00a0\u00bb _builder_version=\u00a0\u00bb4.24.2&Prime; _module_preset=\u00a0\u00bbdefault\u00a0\u00bb title_font_size=\u00a0\u00bb3em\u00a0\u00bb global_colors_info=\u00a0\u00bb{}\u00a0\u00bb][\/et_pb_heading][et_pb_text _builder_version=\u00a0\u00bb4.24.2&Prime; _module_preset=\u00a0\u00bbdefault\u00a0\u00bb global_colors_info=\u00a0\u00bb{}\u00a0\u00bb]<\/p>\n<h2>D\u00e9claration d\u2019accessibilit\u00e9<\/h2>\n<ul style=\"margin-left: 1em;\">\n<li><strong>Etat de conformit\u00e9 <\/strong>: non conforme<\/li>\n<li><strong>Type d\u2019audit <\/strong>: rapide (25 crit\u00e8res,\u00a02 pages) , r\u00e9alis\u00e9 en interne<\/li>\n<li><strong>Outils<\/strong> :\u00a0ARA (<a href=\"https:\/\/ara.numerique.gouv.fr\/\">https:\/\/ara.numerique.gouv.fr\/<\/a>) , ARC Toolkit , Web Developer Toolbar<\/li>\n<li><strong>R\u00e9f\u00e9rentiel<\/strong><span>\u00a0<\/span>: RGAA Version 4.1<\/li>\n<li><strong>Date<\/strong> : 21 mars 2024<\/li>\n<li><strong>Rapport d&rsquo;audit, r\u00e9sultat des tests et <span>d\u00e9tail <\/span>des contenus non accessibles<\/strong> : bient\u00f4t en ligne<\/li>\n<\/ul>\n<p>&nbsp;<\/p>\n<h2>Sch\u00e9ma pluriannuel de mise en accessibilit\u00e9<\/h2>\n<p><a href=\"https:\/\/www.bourgognefranchecomte.fr\/accessibilite\">https:\/\/www.bourgognefranchecomte.fr\/accessibilite<\/a><\/p>\n<p>&nbsp;<\/p>\n<h2>Plan d\u2019actions de l\u2019ann\u00e9e 2025<\/h2>\n<p><a href=\"https:\/\/www.bourgognefranchecomte.fr\/accessibilite\">https:\/\/www.bourgognefranchecomte.fr\/accessibilite<\/a><\/p>\n<p>&nbsp;<\/p>\n<p>&nbsp;<\/p>\n<h2>Plan d\u2019actions de l\u2019ann\u00e9e 2024<\/h2>\n<ul style=\"margin-left: 1em;\">\n<li>Audit rapide 25 crit\u00e8res, mentions et pages obligatoires : en cours (1er semestre 2024)<\/li>\n<li>R\u00e9alisation et publication de la d\u00e9claration d&rsquo;accessibilit\u00e9 (<a href=\"https:\/\/accessibilite.numerique.gouv.fr\/obligations\/declaration-accessibilite\/\">https:\/\/accessibilite.numerique.gouv.fr\/obligations\/declaration-accessibilite\/<\/a>)<\/li>\n<li>R\u00e9alisation du sch\u00e9ma pluriannuel de mise en accessibilit\u00e9 ( <a href=\"https:\/\/accessibilite.numerique.gouv.fr\/obligations\/schema-pluriannuel\/\">https:\/\/accessibilite.numerique.gouv.fr\/obligations\/schema-pluriannuel\/<\/a> )<\/li>\n<li>Corrections des crit\u00e8res non conformes<\/li>\n<li>Audit 50 crit\u00e8res et corrections : \u00e0 suivre<\/li>\n<li>Audit 106 crit\u00e8res et corrections : \u00e0 suivre<\/li>\n<\/ul>\n<p>&nbsp;<\/p>\n<h2>Retour d\u2019information et contact<\/h2>\n<p>Si vous n\u2019arrivez pas \u00e0 acc\u00e9der \u00e0 un contenu ou \u00e0 un service, vous pouvez contacter le responsable du site internet pour \u00eatre orient\u00e9 vers une alternative accessible ou obtenir le contenu sous une autre forme.<\/p>\n<p><a href=\"mailto:accessibilite@bourgognefranchecomte.fr\"><span>\u202faccessibilite@bourgognefranchecomte.fr<\/span><\/a><\/p>\n<p>&nbsp;<\/p>\n<h2>Voies de recours<\/h2>\n<p>Cette proc\u00e9dure est \u00e0 utiliser dans le cas suivant.<\/p>\n<p>Vous avez signal\u00e9 au responsable du site internet un d\u00e9faut d\u2019accessibilit\u00e9 qui vous emp\u00eache d\u2019acc\u00e9der \u00e0 un contenu ou \u00e0 un des services du portail et vous n\u2019avez pas obtenu de r\u00e9ponse satisfaisante.<\/p>\n<p>\u00c9crire un message au D\u00e9fenseur des droits (<a href=\"https:\/\/www.defenseurdesdroits.fr\/nous-contacter-355\" title=\"Rejoindre la page contact du D\u00e9fenseur des droits\">contact<\/a>)<\/p>\n<p>Contacter le d\u00e9l\u00e9gu\u00e9 du D\u00e9fenseur des droits pr\u00e8s de chez vous (<a href=\"https:\/\/www.defenseurdesdroits.fr\/carte-des-delegues\" title=\"Consulter la carte des d\u00e9l\u00e9gu\u00e9s\">Consulter la carte<\/a>)<\/p>\n<p>Envoyer un courrier par la poste (gratuit, ne pas mettre de timbre) :<br \/>D\u00e9fenseur des droits<br \/>Libre r\u00e9ponse 71120<br \/>75342 Paris CEDEX 07<\/p>\n<p>[\/et_pb_text][\/et_pb_column][\/et_pb_row][\/et_pb_section]<\/p>\n","protected":false},"excerpt":{"rendered":"<p>D\u00e9claration d\u2019accessibilit\u00e9 Etat de conformit\u00e9 : non conforme Type d\u2019audit : rapide (25 crit\u00e8res,\u00a02 pages) , r\u00e9alis\u00e9 en interne Outils :\u00a0ARA (https:\/\/ara.numerique.gouv.fr\/) , ARC Toolkit , Web Developer Toolbar R\u00e9f\u00e9rentiel\u00a0: RGAA Version 4.1 Date : 21 mars 2024 Rapport d&rsquo;audit, r\u00e9sultat des tests et d\u00e9tail des contenus non accessibles : bient\u00f4t en ligne &nbsp; Sch\u00e9ma [&hellip;]<\/p>\n","protected":false},"author":1,"featured_media":0,"parent":0,"menu_order":0,"comment_status":"closed","ping_status":"closed","template":"","meta":{"_et_pb_use_builder":"on","_et_pb_old_content":"","_et_gb_content_width":"","footnotes":""},"class_list":["post-2670","page","type-page","status-publish","hentry"],"publishpress_future_action":{"enabled":false,"date":"2026-05-08 17:43:16","action":"change-status","newStatus":"draft","terms":[],"taxonomy":"","extraData":[]},"publishpress_future_workflow_manual_trigger":{"enabledWorkflows":[]},"_links":{"self":[{"href":"https:\/\/sports.bourgognefranchecomte.fr\/index.php\/wp-json\/wp\/v2\/pages\/2670","targetHints":{"allow":["GET"]}}],"collection":[{"href":"https:\/\/sports.bourgognefranchecomte.fr\/index.php\/wp-json\/wp\/v2\/pages"}],"about":[{"href":"https:\/\/sports.bourgognefranchecomte.fr\/index.php\/wp-json\/wp\/v2\/types\/page"}],"author":[{"embeddable":true,"href":"https:\/\/sports.bourgognefranchecomte.fr\/index.php\/wp-json\/wp\/v2\/users\/1"}],"replies":[{"embeddable":true,"href":"https:\/\/sports.bourgognefranchecomte.fr\/index.php\/wp-json\/wp\/v2\/comments?post=2670"}],"version-history":[{"count":3,"href":"https:\/\/sports.bourgognefranchecomte.fr\/index.php\/wp-json\/wp\/v2\/pages\/2670\/revisions"}],"predecessor-version":[{"id":5012,"href":"https:\/\/sports.bourgognefranchecomte.fr\/index.php\/wp-json\/wp\/v2\/pages\/2670\/revisions\/5012"}],"wp:attachment":[{"href":"https:\/\/sports.bourgognefranchecomte.fr\/index.php\/wp-json\/wp\/v2\/media?parent=2670"}],"curies":[{"name":"wp","href":"https:\/\/api.w.org\/{rel}","templated":true}]}}